{"id":394,"date":"2021-02-10T10:55:34","date_gmt":"2021-02-10T10:55:34","guid":{"rendered":"http:\/\/odricerin.es\/?page_id=394"},"modified":"2021-02-12T17:01:44","modified_gmt":"2021-02-12T17:01:44","slug":"inicio","status":"publish","type":"page","link":"https:\/\/odricerin.es\/?page_id=394","title":{"rendered":"<p><font face=\"Arial\" size=\"5\" color=\"#FFFFFF\">Quienes somos<\/font><\/p>"},"content":{"rendered":"<p>[vc_row][vc_column width=\u00bb1\/2&#8243;][\/vc_column][vc_column width=\u00bb1\/2&#8243;][vc_column_text css=\u00bb.vc_custom_1613073321998{margin-top: 0px !important;margin-bottom: 0px !important;background-color: #0066b1 !important;}\u00bb]<a href=\"http:\/\/odricerin.es\/?page_id=46\"><img loading=\"lazy\" decoding=\"async\" class=\"size-full wp-image-633 alignright\" src=\"http:\/\/odricerin.es\/wp-content\/uploads\/2021\/02\/rere-1.png\" alt=\"\" width=\"251\" height=\"30\" \/><\/a>[\/vc_column_text][\/vc_column][\/vc_row][vc_row][vc_column width=\u00bb1\/2&#8243;][vc_single_image image=\u00bb392&#8243; img_size=\u00bbfull\u00bb style=\u00bbvc_box_border_circle\u00bb][vc_text_separator title=\u00bbM\u00e1s de 10.000 clientes satisfechos nos avalan\u00bb][\/vc_column][vc_column width=\u00bb1\/2&#8243;][vc_column_text]<span style=\"color: #ffffff;\">&#8211;<\/span><\/p>\n<p style=\"text-align: justify;\">Entidad formada por profesionales dedicados desde hace m\u00e1s de treinta a\u00f1os, a la organizaci\u00f3n de cursos de formaci\u00f3n, congresos y seminarios. Nuestra actividad se divide en tres \u00e1reas: Sector P\u00fablico, Sector Privado y Editorial con actividades en\u00a0<strong>Madrid, Barcelona, M\u00e1laga, Sevilla, Las Palmas, Lisboa y Oporto.<\/strong><\/p>\n<p style=\"text-align: justify;\">Adem\u00e1s de la organizaci\u00f3n de encuentros de referencia para profesionales de diversos sectores, nuestra divisi\u00f3n especializada en\u00a0 CONTRATACI\u00d3N P\u00daBLICA, ya se ha convertido en una colaboradora imprescindible para las diferentes Administraciones y todo contratista que desee aumentar sus conocimientos sobre gesti\u00f3n en la contrataci\u00f3n del sector p\u00fablico.<\/p>\n<p style=\"text-align: justify;\">Como siempre hemos considerado que la inversi\u00f3n en la formaci\u00f3n de Recursos Humanos es la base de la prestaci\u00f3n de los mejores servicios, a todos nuestros clientes les ofrecemos nuestras garant\u00edas:<\/p>\n<p style=\"text-align: justify;\">El seguimiento que, nuestro equipo de expertos, mantiene de forma constante con las entidades demandantes y destinatarios del producto final.<\/p>\n<p style=\"text-align: justify;\">Un extraordinario plantel de profesionales y colaboradores.<\/p>\n<p style=\"text-align: justify;\">Una amplia red de contactos, que nos permite facilitar la informaci\u00f3n que demandan nuestros clientes.<\/p>\n<p style=\"text-align: justify;\">El gran n\u00famero de personas que repiten asistencia a nuestros cursos<\/p>\n<p>[\/vc_column_text][\/vc_column][\/vc_row]<\/p>\n","protected":false},"excerpt":{"rendered":"<p>[vc_row][vc_column width=\u00bb1\/2&#8243;][\/vc_column][vc_column width=\u00bb1\/2&#8243;][vc_column_text css=\u00bb.vc_custom_1613073321998{margin-top: 0px !important;margin-bottom: 0px !important;background-color: #0066b1 !important;}\u00bb][\/vc_column_text][\/vc_column][\/vc_row][vc_row][vc_column width=\u00bb1\/2&#8243;][vc_single_image image=\u00bb392&#8243; img_size=\u00bbfull\u00bb style=\u00bbvc_box_border_circle\u00bb][vc_text_separator title=\u00bbM\u00e1s de 10.000 clientes satisfechos nos avalan\u00bb][\/vc_column][vc_column width=\u00bb1\/2&#8243;][vc_column_text]&#8211; Entidad formada por profesionales dedicados desde hace m\u00e1s de treinta a\u00f1os, a la organizaci\u00f3n de cursos de formaci\u00f3n, congresos y seminarios. Nuestra actividad se divide en tres \u00e1reas: Sector P\u00fablico, Sector Privado y&hellip; <br \/> <a class=\"read-more\" href=\"https:\/\/odricerin.es\/?page_id=394\">Leer m\u00e1s<\/a><\/p>\n","protected":false},"author":1,"featured_media":0,"parent":0,"menu_order":0,"comment_status":"closed","ping_status":"closed","template":"","meta":{"footnotes":""},"class_list":["post-394","page","type-page","status-publish","hentry"],"_links":{"self":[{"href":"https:\/\/odricerin.es\/index.php?rest_route=\/wp\/v2\/pages\/394","targetHints":{"allow":["GET"]}}],"collection":[{"href":"https:\/\/odricerin.es\/index.php?rest_route=\/wp\/v2\/pages"}],"about":[{"href":"https:\/\/odricerin.es\/index.php?rest_route=\/wp\/v2\/types\/page"}],"author":[{"embeddable":true,"href":"https:\/\/odricerin.es\/index.php?rest_route=\/wp\/v2\/users\/1"}],"replies":[{"embeddable":true,"href":"https:\/\/odricerin.es\/index.php?rest_route=%2Fwp%2Fv2%2Fcomments&post=394"}],"version-history":[{"count":5,"href":"https:\/\/odricerin.es\/index.php?rest_route=\/wp\/v2\/pages\/394\/revisions"}],"predecessor-version":[{"id":753,"href":"https:\/\/odricerin.es\/index.php?rest_route=\/wp\/v2\/pages\/394\/revisions\/753"}],"wp:attachment":[{"href":"https:\/\/odricerin.es\/index.php?rest_route=%2Fwp%2Fv2%2Fmedia&parent=394"}],"curies":[{"name":"wp","href":"https:\/\/api.w.org\/{rel}","templated":true}]}}