{"id":415,"date":"2021-02-10T11:26:30","date_gmt":"2021-02-10T11:26:30","guid":{"rendered":"http:\/\/odricerin.es\/?page_id=415"},"modified":"2026-04-17T08:34:52","modified_gmt":"2026-04-17T08:34:52","slug":"cursos-en-directo","status":"publish","type":"page","link":"https:\/\/odricerin.es\/?page_id=415","title":{"rendered":"<p><font face=\"Arial\" size=\"5\" color=\"#FFFFFF\">Cursos en Espa\u00f1a<\/font><\/p>"},"content":{"rendered":"<p>[vc_row][vc_column width=\u00bb1\/2&#8243;][\/vc_column][vc_column width=\u00bb1\/2&#8243;][vc_column_text css=\u00bb.vc_custom_1613072125457{margin-top: 0px !important;margin-bottom: 0px !important;background-color: #0066b1 !important;}\u00bb]<a href=\"http:\/\/odricerin.es\/?page_id=46\"><img loading=\"lazy\" decoding=\"async\" class=\"size-full wp-image-633 alignright\" src=\"http:\/\/odricerin.es\/wp-content\/uploads\/2021\/02\/rere-1.png\" alt=\"\" width=\"251\" height=\"30\" \/><\/a>[\/vc_column_text][\/vc_column][\/vc_row][vc_row][vc_column width=\u00bb1\/2&#8243;][vc_single_image image=\u00bb2793&#8243; img_size=\u00bbfull\u00bb style=\u00bbvc_box_border_circle\u00bb][\/vc_column][vc_column width=\u00bb1\/2&#8243;][vc_column_text]<\/p>\n<h2><\/h2>\n<h2 class=\"elementor-heading-title elementor-size-default\" style=\"text-align: center;\"><span style=\"font-family: Arial;\"><span style=\"color: #336699;\">Cursos presenciales<\/span><\/span><\/h2>\n<p>[\/vc_column_text][vc_column_text]<\/p>\n<p style=\"text-align: justify;\"><span style=\"font-family: arial, helvetica, sans-serif; color: #2a5da8;\">Para ver el <strong>contenido completo<\/strong> de los diferentes cursos, <strong>haga clic sobre el icono del programa o programas que le interesen<\/strong>. Si desea solicitar m\u00e1s informaci\u00f3n o hacer una o m\u00e1s inscripciones, puede enviarnos un correo electr\u00f3nico con sus datos a la direcci\u00f3n <a style=\"color: #2a5da8;\"><strong>inscri@odricerin.es<\/strong><\/a> A las personas que hayan asistido anteriormente a alguno de nuestros cursos, les ofrecemos una <strong>reducci\u00f3n de precio del 10%. <\/strong>En el caso de que quisieran asistir varias personas de su misma Empresa o Instituci\u00f3n, <strong>LA 4\u00aa INSCRIPCI\u00d3N ES GRATUITA. <\/strong><\/span><\/p>\n<p style=\"text-align: justify;\"><span style=\"font-family: arial, helvetica, sans-serif; color: #2a5da8;\">Todos estos cursos los ofrecemos tambi\u00e9n como <strong>FORMACI\u00d3N INTERNA,<\/strong> con las modificaciones de los programas que fueran necesarias para adecuarlos a las necesidades espec\u00edficas de su entidad y cumpliendo con los requisitos para ser subvencionados por <strong>FUNDAE<\/strong>.<\/span><\/p>\n<p>[\/vc_column_text][\/vc_column][\/vc_row][vc_column][vc_column_text]<\/p>\n<h1><\/h1>\n<p>&nbsp;<\/p>\n<h1><\/h1>\n<p>[\/vc_column_text][vc_column_text]<\/p>\n<div align=\"center\"><\/div>\n<h3 style=\"text-align: center;\"><span style=\"color: #993300;\"><strong>CURSOS MARZO &#8211; JULIO 2026<\/strong><\/span><\/h3>\n<h1><a href=\"http:\/\/odricerin.es\/wp-content\/uploads\/2026\/03\/2612-2613-2614-2615-2616-Curso-on-line-contratacion.pdf\" target=\"_blank\" rel=\"noopener\"><img loading=\"lazy\" decoding=\"async\" class=\"aligncenter wp-image-2891\" src=\"http:\/\/odricerin.es\/wp-content\/uploads\/2026\/03\/Plan-formativo-contratacion-publica-212x300.jpg\" alt=\"\" width=\"396\" height=\"560\" srcset=\"https:\/\/odricerin.es\/wp-content\/uploads\/2026\/03\/Plan-formativo-contratacion-publica-212x300.jpg 212w, https:\/\/odricerin.es\/wp-content\/uploads\/2026\/03\/Plan-formativo-contratacion-publica.jpg 559w\" sizes=\"auto, (max-width: 396px) 100vw, 396px\" \/><\/a><\/h1>\n<h3 style=\"text-align: center;\"><span style=\"color: #993300;\"><strong>CURSOS ABRIL 2026<\/strong><\/span><\/h3>\n<h1><\/h1>\n<p>&nbsp;<\/p>\n<h1><a href=\"http:\/\/odricerin.es\/wp-content\/uploads\/2026\/02\/2608-Ciberseguridad.pdf\" target=\"_blank\" rel=\"noopener\"><img loading=\"lazy\" decoding=\"async\" class=\"aligncenter wp-image-2870\" src=\"http:\/\/odricerin.es\/wp-content\/uploads\/2026\/02\/Ciberseguridad-II-231x300.jpg\" alt=\"\" width=\"396\" height=\"513\" srcset=\"https:\/\/odricerin.es\/wp-content\/uploads\/2026\/02\/Ciberseguridad-II-231x300.jpg 231w, https:\/\/odricerin.es\/wp-content\/uploads\/2026\/02\/Ciberseguridad-II.jpg 621w\" sizes=\"auto, (max-width: 396px) 100vw, 396px\" \/><\/a><\/h1>\n<p>&nbsp;<\/p>\n<p>&nbsp;<\/p>\n<h3 style=\"text-align: center;\"><span style=\"color: #993300;\"><strong>CURSOS MAYO 2026<\/strong><\/span><\/h3>\n<h1><\/h1>\n<h1><a href=\"http:\/\/odricerin.es\/wp-content\/uploads\/2026\/03\/2621-2622-Taller-I.-A.-generativa.pdf\" target=\"_blank\" rel=\"noopener\"><img loading=\"lazy\" decoding=\"async\" class=\"aligncenter wp-image-2886\" src=\"http:\/\/odricerin.es\/wp-content\/uploads\/2026\/03\/Taller-de-IA-213x300.jpg\" alt=\"\" width=\"396\" height=\"559\" srcset=\"https:\/\/odricerin.es\/wp-content\/uploads\/2026\/03\/Taller-de-IA-213x300.jpg 213w, https:\/\/odricerin.es\/wp-content\/uploads\/2026\/03\/Taller-de-IA.jpg 559w\" sizes=\"auto, (max-width: 396px) 100vw, 396px\" \/><\/a><\/h1>\n<p>&nbsp;<\/p>\n<p><a href=\"http:\/\/odricerin.es\/wp-content\/uploads\/2026\/03\/2633-Personal-sociedades-y-fundaciones-publicas.pdf\" target=\"_blank\" rel=\"noopener\"><img loading=\"lazy\" decoding=\"async\" class=\"aligncenter wp-image-2899\" src=\"http:\/\/odricerin.es\/wp-content\/uploads\/2026\/03\/Regimen-juridico-personal-fundaciones-y-sociedades-211x300.jpg\" alt=\"\" width=\"396\" height=\"563\" srcset=\"https:\/\/odricerin.es\/wp-content\/uploads\/2026\/03\/Regimen-juridico-personal-fundaciones-y-sociedades-211x300.jpg 211w, https:\/\/odricerin.es\/wp-content\/uploads\/2026\/03\/Regimen-juridico-personal-fundaciones-y-sociedades.jpg 558w\" sizes=\"auto, (max-width: 396px) 100vw, 396px\" \/><\/a><\/p>\n<p>&nbsp;<\/p>\n<p>&nbsp;<\/p>\n<p><a href=\"http:\/\/odricerin.es\/wp-content\/uploads\/2026\/03\/2634-Publificacion-sector-instrumental.pdf\" target=\"_blank\" rel=\"noopener\"><img loading=\"lazy\" decoding=\"async\" class=\"wp-image-2894 aligncenter\" src=\"http:\/\/odricerin.es\/wp-content\/uploads\/2026\/03\/Publificacion-213x300.jpg\" alt=\"\" width=\"396\" height=\"557\" srcset=\"https:\/\/odricerin.es\/wp-content\/uploads\/2026\/03\/Publificacion-213x300.jpg 213w, https:\/\/odricerin.es\/wp-content\/uploads\/2026\/03\/Publificacion.jpg 560w\" sizes=\"auto, (max-width: 396px) 100vw, 396px\" \/><\/a><\/p>\n<h1><\/h1>\n<p>&nbsp;<\/p>\n<p><a href=\"http:\/\/odricerin.es\/wp-content\/uploads\/2026\/03\/2635-Valoracion-subjetiva-en-la-contatacion-Publica.pdf\" target=\"_blank\" rel=\"noopener\"><img loading=\"lazy\" decoding=\"async\" class=\"aligncenter wp-image-2912\" src=\"http:\/\/odricerin.es\/wp-content\/uploads\/2026\/03\/Valoracion-subjetiva-213x300.jpg\" alt=\"\" width=\"396\" height=\"559\" srcset=\"https:\/\/odricerin.es\/wp-content\/uploads\/2026\/03\/Valoracion-subjetiva-213x300.jpg 213w, https:\/\/odricerin.es\/wp-content\/uploads\/2026\/03\/Valoracion-subjetiva.jpg 560w\" sizes=\"auto, (max-width: 396px) 100vw, 396px\" \/><\/a><\/p>\n<h3 style=\"text-align: center;\"><span style=\"color: #993300;\"><strong>CURSOS JUNIO 2026<\/strong><\/span><\/h3>\n<h1><a href=\"http:\/\/odricerin.es\/wp-content\/uploads\/2026\/03\/2636-Pliegos-para-no-juridicos.pdf\" target=\"_blank\" rel=\"noopener\"><img loading=\"lazy\" decoding=\"async\" class=\"aligncenter wp-image-2925\" src=\"http:\/\/odricerin.es\/wp-content\/uploads\/2026\/03\/Pliegos-para-no-juridicos-II-212x300.jpg\" alt=\"\" width=\"396\" height=\"561\" srcset=\"https:\/\/odricerin.es\/wp-content\/uploads\/2026\/03\/Pliegos-para-no-juridicos-II-212x300.jpg 212w, https:\/\/odricerin.es\/wp-content\/uploads\/2026\/03\/Pliegos-para-no-juridicos-II.jpg 558w\" sizes=\"auto, (max-width: 396px) 100vw, 396px\" \/><\/a><\/h1>\n<p>&nbsp;<\/p>\n<p>&nbsp;<\/p>\n<p><a href=\"http:\/\/odricerin.es\/wp-content\/uploads\/2026\/04\/2636-2637-2638-Formacion-avanzada-en-contratacion-1.pdf\" target=\"_blank\" rel=\"noopener\"><img loading=\"lazy\" decoding=\"async\" class=\"aligncenter wp-image-2932\" src=\"http:\/\/odricerin.es\/wp-content\/uploads\/2026\/04\/Plan-avanzado-en-contratacion-publica-213x300.jpg\" alt=\"\" width=\"396\" height=\"559\" srcset=\"https:\/\/odricerin.es\/wp-content\/uploads\/2026\/04\/Plan-avanzado-en-contratacion-publica-213x300.jpg 213w, https:\/\/odricerin.es\/wp-content\/uploads\/2026\/04\/Plan-avanzado-en-contratacion-publica.jpg 558w\" sizes=\"auto, (max-width: 396px) 100vw, 396px\" \/><\/a>[\/vc_column_text][\/vc_column][vc_column][\/vc_column]<\/p>\n","protected":false},"excerpt":{"rendered":"<p>[vc_row][vc_column width=\u00bb1\/2&#8243;][\/vc_column][vc_column width=\u00bb1\/2&#8243;][vc_column_text css=\u00bb.vc_custom_1613072125457{margin-top: 0px !important;margin-bottom: 0px !important;background-color: #0066b1 !important;}\u00bb][\/vc_column_text][\/vc_column][\/vc_row][vc_row][vc_column width=\u00bb1\/2&#8243;][vc_single_image image=\u00bb2793&#8243; img_size=\u00bbfull\u00bb style=\u00bbvc_box_border_circle\u00bb][\/vc_column][vc_column width=\u00bb1\/2&#8243;][vc_column_text] Cursos presenciales [\/vc_column_text][vc_column_text] Para ver el contenido completo de los diferentes cursos, haga clic sobre el icono del programa o programas que le interesen. Si desea solicitar m\u00e1s informaci\u00f3n o hacer una o m\u00e1s inscripciones, puede enviarnos un correo electr\u00f3nico&hellip; <br \/> <a class=\"read-more\" href=\"https:\/\/odricerin.es\/?page_id=415\">Leer m\u00e1s<\/a><\/p>\n","protected":false},"author":1,"featured_media":0,"parent":0,"menu_order":0,"comment_status":"closed","ping_status":"closed","template":"","meta":{"footnotes":""},"class_list":["post-415","page","type-page","status-publish","hentry"],"_links":{"self":[{"href":"https:\/\/odricerin.es\/index.php?rest_route=\/wp\/v2\/pages\/415","targetHints":{"allow":["GET"]}}],"collection":[{"href":"https:\/\/odricerin.es\/index.php?rest_route=\/wp\/v2\/pages"}],"about":[{"href":"https:\/\/odricerin.es\/index.php?rest_route=\/wp\/v2\/types\/page"}],"author":[{"embeddable":true,"href":"https:\/\/odricerin.es\/index.php?rest_route=\/wp\/v2\/users\/1"}],"replies":[{"embeddable":true,"href":"https:\/\/odricerin.es\/index.php?rest_route=%2Fwp%2Fv2%2Fcomments&post=415"}],"version-history":[{"count":45,"href":"https:\/\/odricerin.es\/index.php?rest_route=\/wp\/v2\/pages\/415\/revisions"}],"predecessor-version":[{"id":1681,"href":"https:\/\/odricerin.es\/index.php?rest_route=\/wp\/v2\/pages\/415\/revisions\/1681"}],"wp:attachment":[{"href":"https:\/\/odricerin.es\/index.php?rest_route=%2Fwp%2Fv2%2Fmedia&parent=415"}],"curies":[{"name":"wp","href":"https:\/\/api.w.org\/{rel}","templated":true}]}}