{"id":494,"date":"2021-02-10T18:05:29","date_gmt":"2021-02-10T18:05:29","guid":{"rendered":"http:\/\/odricerin.es\/?page_id=494"},"modified":"2021-02-24T10:08:48","modified_gmt":"2021-02-24T10:08:48","slug":"formacion-interna","status":"publish","type":"page","link":"https:\/\/odricerin.es\/?page_id=494","title":{"rendered":"<p><font face=\"Arial\" size=\"5\" color=\"#FFFFFF\">Formaci\u00f3n interna<\/font><\/p>"},"content":{"rendered":"<p>[vc_row][vc_column width=\u00bb1\/2&#8243;][\/vc_column][vc_column width=\u00bb1\/2&#8243;][vc_column_text css=\u00bb.vc_custom_1613072248831{margin-top: 0px !important;margin-bottom: 0px !important;background-color: #0066b1 !important;}\u00bb]<a href=\"http:\/\/odricerin.es\/?page_id=46\"><img loading=\"lazy\" decoding=\"async\" class=\"size-full wp-image-633 alignright\" src=\"http:\/\/odricerin.es\/wp-content\/uploads\/2021\/02\/rere-1.png\" alt=\"\" width=\"251\" height=\"30\" \/><\/a>[\/vc_column_text][\/vc_column][\/vc_row][vc_row][vc_column width=\u00bb1\/2&#8243;][vc_single_image image=\u00bb507&#8243; img_size=\u00bbfull\u00bb style=\u00bbvc_box_border_circle\u00bb][vc_row_inner][vc_column_inner width=\u00bb1\/2&#8243;][vc_single_image image=\u00bb109&#8243; img_size=\u00bbfull\u00bb style=\u00bbvc_box_border_circle\u00bb][\/vc_column_inner][vc_column_inner width=\u00bb1\/2&#8243;][vc_single_image image=\u00bb505&#8243; img_size=\u00bbfull\u00bb style=\u00bbvc_box_border_circle\u00bb][\/vc_column_inner][\/vc_row_inner][\/vc_column][vc_column width=\u00bb1\/2&#8243;][vc_column_text]<\/p>\n<h2><\/h2>\n<h2 class=\"elementor-heading-title elementor-size-default\" style=\"text-align: center;\"><span style=\"font-family: Arial;\"><span style=\"color: #336699;\">Formaci\u00f3n Interna<\/span><\/span><\/h2>\n<p>[\/vc_column_text][vc_column_text]<\/p>\n<p style=\"text-align: justify;\">Todos los cursos que ofertamos, podemos llevarlos a su empresa o entidad. A trav\u00e9s de nuestro Departamento de Formaci\u00f3n Interna, le ofrecemos la posibilidad de desarrollar acciones acordes con las necesidades espec\u00edficas de su personal. Empleando una metodolog\u00eda que promueve la participaci\u00f3n de los asistentes durante las exposiciones, los contenidos est\u00e1n pensados con el objetivo de aportar soluciones a problemas tanto generales como particulares, creando un clima de debate que consigue el m\u00e1ximo aprovechamiento de cada curso.\u00a0Todos nuestros cursos cumplen con los requisitos para ser subvencionables por Fundae.<\/p>\n<p style=\"text-align: justify;\">Estamos a su disposici\u00f3n para ofrecerle m\u00e1s informaci\u00f3n y presupuestos en el 669 521 789 o info@odricerin.es<\/p>\n<p>[\/vc_column_text][\/vc_column][\/vc_row][vc_row][vc_column][vc_empty_space][vc_column_text]<\/p>\n<h2 class=\"elementor-heading-title elementor-size-default\" style=\"text-align: center;\"><span style=\"font-family: Arial;\"><span style=\"color: #336699;\">Formulario de Informaci\u00f3n<\/span><\/span><\/h2>\n<p>[\/vc_column_text][vc_column_text]\n<div class=\"wpcf7 no-js\" id=\"wpcf7-f378-o1\" lang=\"es-ES\" dir=\"ltr\" data-wpcf7-id=\"378\">\n<div class=\"screen-reader-response\"><p role=\"status\" aria-live=\"polite\" aria-atomic=\"true\"><\/p> <ul><\/ul><\/div>\n<form action=\"\/index.php?rest_route=%2Fwp%2Fv2%2Fpages%2F494#wpcf7-f378-o1\" method=\"post\" class=\"wpcf7-form init\" aria-label=\"Formulario de contacto\" novalidate=\"novalidate\" data-status=\"init\">\n<fieldset class=\"hidden-fields-container\"><input type=\"hidden\" name=\"_wpcf7\" value=\"378\" \/><input type=\"hidden\" name=\"_wpcf7_version\" value=\"6.1.5\" \/><input type=\"hidden\" name=\"_wpcf7_locale\" value=\"es_ES\" \/><input type=\"hidden\" name=\"_wpcf7_unit_tag\" value=\"wpcf7-f378-o1\" \/><input type=\"hidden\" name=\"_wpcf7_container_post\" value=\"0\" \/><input type=\"hidden\" name=\"_wpcf7_posted_data_hash\" value=\"\" \/>\n<\/fieldset>\n<p><label> Nombre<br \/>\n<span class=\"wpcf7-form-control-wrap\" data-name=\"your-name\"><input size=\"40\" maxlength=\"400\" class=\"wpcf7-form-control wpcf7-text wpcf7-validates-as-required\" aria-required=\"true\" aria-invalid=\"false\" value=\"\" type=\"text\" name=\"your-name\" \/><\/span> <\/label>\n<\/p>\n<p><label> Correo electr\u00f3nico<br \/>\n<span class=\"wpcf7-form-control-wrap\" data-name=\"your-email\"><input size=\"40\" maxlength=\"400\" class=\"wpcf7-form-control wpcf7-email wpcf7-validates-as-required wpcf7-text wpcf7-validates-as-email\" aria-required=\"true\" aria-invalid=\"false\" value=\"\" type=\"email\" name=\"your-email\" \/><\/span> <\/label>\n<\/p>\n<p><label> Asunto<br \/>\n<span class=\"wpcf7-form-control-wrap\" data-name=\"your-subject\"><input size=\"40\" maxlength=\"400\" class=\"wpcf7-form-control wpcf7-text wpcf7-validates-as-required\" aria-required=\"true\" aria-invalid=\"false\" value=\"\" type=\"text\" name=\"your-subject\" \/><\/span> <\/label>\n<\/p>\n<p><label> Mensaje (opcional)<br \/>\n<span class=\"wpcf7-form-control-wrap\" data-name=\"your-message\"><textarea cols=\"40\" rows=\"10\" maxlength=\"2000\" class=\"wpcf7-form-control wpcf7-textarea\" aria-invalid=\"false\" name=\"your-message\"><\/textarea><\/span> <\/label>\n<\/p>\n<p><input class=\"wpcf7-form-control wpcf7-submit has-spinner\" type=\"submit\" value=\"Enviar\" \/>\n<\/p><div class=\"wpcf7-response-output\" aria-hidden=\"true\"><\/div>\n<\/form>\n<\/div>\n[\/vc_column_text][\/vc_column][\/vc_row]<\/p>\n","protected":false},"excerpt":{"rendered":"<p>[vc_row][vc_column width=\u00bb1\/2&#8243;][\/vc_column][vc_column width=\u00bb1\/2&#8243;][vc_column_text css=\u00bb.vc_custom_1613072248831{margin-top: 0px !important;margin-bottom: 0px !important;background-color: #0066b1 !important;}\u00bb][\/vc_column_text][\/vc_column][\/vc_row][vc_row][vc_column width=\u00bb1\/2&#8243;][vc_single_image image=\u00bb507&#8243; img_size=\u00bbfull\u00bb style=\u00bbvc_box_border_circle\u00bb][vc_row_inner][vc_column_inner width=\u00bb1\/2&#8243;][vc_single_image image=\u00bb109&#8243; img_size=\u00bbfull\u00bb style=\u00bbvc_box_border_circle\u00bb][\/vc_column_inner][vc_column_inner width=\u00bb1\/2&#8243;][vc_single_image image=\u00bb505&#8243; img_size=\u00bbfull\u00bb style=\u00bbvc_box_border_circle\u00bb][\/vc_column_inner][\/vc_row_inner][\/vc_column][vc_column width=\u00bb1\/2&#8243;][vc_column_text] Formaci\u00f3n Interna [\/vc_column_text][vc_column_text] Todos los cursos que ofertamos, podemos llevarlos a su empresa o entidad. A trav\u00e9s de nuestro Departamento de Formaci\u00f3n Interna, le ofrecemos la posibilidad de desarrollar acciones acordes con&hellip; <br \/> <a class=\"read-more\" href=\"https:\/\/odricerin.es\/?page_id=494\">Leer m\u00e1s<\/a><\/p>\n","protected":false},"author":1,"featured_media":0,"parent":0,"menu_order":0,"comment_status":"closed","ping_status":"closed","template":"","meta":{"footnotes":""},"class_list":["post-494","page","type-page","status-publish","hentry"],"_links":{"self":[{"href":"https:\/\/odricerin.es\/index.php?rest_route=\/wp\/v2\/pages\/494","targetHints":{"allow":["GET"]}}],"collection":[{"href":"https:\/\/odricerin.es\/index.php?rest_route=\/wp\/v2\/pages"}],"about":[{"href":"https:\/\/odricerin.es\/index.php?rest_route=\/wp\/v2\/types\/page"}],"author":[{"embeddable":true,"href":"https:\/\/odricerin.es\/index.php?rest_route=\/wp\/v2\/users\/1"}],"replies":[{"embeddable":true,"href":"https:\/\/odricerin.es\/index.php?rest_route=%2Fwp%2Fv2%2Fcomments&post=494"}],"version-history":[{"count":5,"href":"https:\/\/odricerin.es\/index.php?rest_route=\/wp\/v2\/pages\/494\/revisions"}],"predecessor-version":[{"id":939,"href":"https:\/\/odricerin.es\/index.php?rest_route=\/wp\/v2\/pages\/494\/revisions\/939"}],"wp:attachment":[{"href":"https:\/\/odricerin.es\/index.php?rest_route=%2Fwp%2Fv2%2Fmedia&parent=494"}],"curies":[{"name":"wp","href":"https:\/\/api.w.org\/{rel}","templated":true}]}}