{"id":513,"date":"2021-02-10T18:32:31","date_gmt":"2021-02-10T18:32:31","guid":{"rendered":"http:\/\/odricerin.es\/?page_id=513"},"modified":"2025-12-03T09:20:58","modified_gmt":"2025-12-03T09:20:58","slug":"inscripciones","status":"publish","type":"page","link":"https:\/\/odricerin.es\/?page_id=513","title":{"rendered":"<p><font face=\"Arial\" size=\"5\" color=\"#FFFFFF\">Informaci\u00f3n para hacer Inscripciones<\/font><\/p>"},"content":{"rendered":"<p>[vc_row][vc_column width=\u00bb1\/2&#8243;][\/vc_column][vc_column width=\u00bb1\/2&#8243;][vc_column_text css=\u00bb.vc_custom_1613073135738{margin-top: 0px !important;margin-bottom: 0px !important;background-color: #0066b1 !important;}\u00bb]<a href=\"http:\/\/odricerin.es\/?page_id=46\"><img loading=\"lazy\" decoding=\"async\" class=\"size-full wp-image-633 alignright\" src=\"http:\/\/odricerin.es\/wp-content\/uploads\/2021\/02\/rere-1.png\" alt=\"\" width=\"251\" height=\"30\" \/><\/a>[\/vc_column_text][\/vc_column][\/vc_row][vc_row][vc_column width=\u00bb1\/2&#8243;][vc_single_image image=\u00bb517&#8243; img_size=\u00bbfull\u00bb style=\u00bbvc_box_border_circle\u00bb][\/vc_column][vc_column width=\u00bb1\/2&#8243;][vc_column_text]<span style=\"color: #ffffff;\">&#8211;<\/span><\/p>\n<p style=\"text-align: justify;\">Ud. puede inscribirse rellenando el formulario de esta p\u00e1gina, mediante correo electr\u00f3nico a la direcci\u00f3n <strong>inscri@renher.es<\/strong> o por tel\u00e9fono llamando al 669 521 789.<\/p>\n<p style=\"text-align: center;\">UNA VEZ HECHA LA INSCRIPCI\u00d3N<\/p>\n<p style=\"text-align: justify;\">Le confirmamos su reserva de plaza por medio de correo electr\u00f3nico. Junto con la confirmaci\u00f3n, le enviaremos la factura para que Uds. la puedan gestionar internamente.<\/p>\n<p style=\"text-align: justify;\">Tenemos literalmente miles de clientes, pero cada instituci\u00f3n o empresa es \u00fanica para nosotros. Si pueden pagar antes de la celebraci\u00f3n del curso mejor, pero si su procedimiento administrativo lleva unos plazos: NO se preocupe. Lo entendemos y sabemos adaptarnos.<\/p>\n<p>[\/vc_column_text][\/vc_column][\/vc_row][vc_row][vc_column][vc_column_text]<\/p>\n<p style=\"text-align: center;\">Esperamos haber sido de utilidad, pero si tiene alguna otra pregunta, le atenderemos personalmente con mucho gusto.<\/p>\n<p>[\/vc_column_text][vc_column_text]<\/p>\n<h2 class=\"elementor-heading-title elementor-size-default\" style=\"box-sizing: border-box; margin: 0px; padding: 0px; outline: 0px; font-weight: 400; font-family: 'Open Sans', Helvetica, Arial, sans-serif; color: #3c424f; text-rendering: optimizelegibility; font-size: 2.5rem; line-height: 3rem; overflow-wrap: break-word; font-style: normal; font-variant-ligatures: normal; font-variant-caps: normal; letter-spacing: normal; orphans: 2; text-indent: 0px; text-transform: none; white-space: normal; widows: 2; word-spacing: 0px; -webkit-text-stroke-width: 0px; background-color: #ffffff; text-decoration-thickness: initial; text-decoration-style: initial; text-decoration-color: initial; text-align: center;\"><span style=\"box-sizing: border-box; outline: 0px; color: #336699; font-family: Arial; margin: 0px; padding: 0px;\">Formulario de I<\/span><span style=\"font-family: Arial; color: #336699;\">nscripci\u00f3n<\/span><\/h2>\n<p>[\/vc_column_text][vc_column_text]<span style=\"color: #333333;\">\n<div class=\"wpcf7 no-js\" id=\"wpcf7-f523-o1\" lang=\"es-ES\" dir=\"ltr\" data-wpcf7-id=\"523\">\n<div class=\"screen-reader-response\"><p role=\"status\" aria-live=\"polite\" aria-atomic=\"true\"><\/p> <ul><\/ul><\/div>\n<form action=\"\/index.php?rest_route=%2Fwp%2Fv2%2Fpages%2F513#wpcf7-f523-o1\" method=\"post\" class=\"wpcf7-form init\" aria-label=\"Formulario de contacto\" novalidate=\"novalidate\" data-status=\"init\">\n<fieldset class=\"hidden-fields-container\"><input type=\"hidden\" name=\"_wpcf7\" value=\"523\" \/><input type=\"hidden\" name=\"_wpcf7_version\" value=\"6.1.5\" \/><input type=\"hidden\" name=\"_wpcf7_locale\" value=\"es_ES\" \/><input type=\"hidden\" name=\"_wpcf7_unit_tag\" value=\"wpcf7-f523-o1\" \/><input type=\"hidden\" name=\"_wpcf7_container_post\" value=\"0\" \/><input type=\"hidden\" name=\"_wpcf7_posted_data_hash\" value=\"\" \/>\n<\/fieldset>\n<p><label> Quiero inscribirme al siguiente curso:<br \/>\n<span class=\"wpcf7-form-control-wrap\" data-name=\"your-curso\"><input size=\"40\" maxlength=\"400\" class=\"wpcf7-form-control wpcf7-text wpcf7-validates-as-required\" aria-required=\"true\" aria-invalid=\"false\" value=\"\" type=\"text\" name=\"your-curso\" \/><\/span> <\/label>\n<\/p>\n<p><label> Nombre y Apellidos<br \/>\n<span class=\"wpcf7-form-control-wrap\" data-name=\"your-name\"><input size=\"40\" maxlength=\"400\" class=\"wpcf7-form-control wpcf7-text wpcf7-validates-as-required\" aria-required=\"true\" aria-invalid=\"false\" value=\"\" type=\"text\" name=\"your-name\" \/><\/span> <\/label>\n<\/p>\n<p><label> Departamento en el que trabaja<br \/>\n<span class=\"wpcf7-form-control-wrap\" data-name=\"your-dpto\"><input size=\"40\" maxlength=\"400\" class=\"wpcf7-form-control wpcf7-text wpcf7-validates-as-required\" aria-required=\"true\" aria-invalid=\"false\" value=\"\" type=\"text\" name=\"your-dpto\" \/><\/span> <\/label>\n<\/p>\n<p><label> Empresa o Entidad<br \/>\n<span class=\"wpcf7-form-control-wrap\" data-name=\"your-empresa\"><input size=\"40\" maxlength=\"400\" class=\"wpcf7-form-control wpcf7-text wpcf7-validates-as-required\" aria-required=\"true\" aria-invalid=\"false\" value=\"\" type=\"text\" name=\"your-empresa\" \/><\/span> <\/label>\n<\/p>\n<p><label> CIF<br \/>\n<span class=\"wpcf7-form-control-wrap\" data-name=\"your-cif\"><input size=\"40\" maxlength=\"400\" class=\"wpcf7-form-control wpcf7-text wpcf7-validates-as-required\" aria-required=\"true\" aria-invalid=\"false\" value=\"\" type=\"text\" name=\"your-cif\" \/><\/span> <\/label>\n<\/p>\n<p><label> Direcci\u00f3n<br \/>\n<span class=\"wpcf7-form-control-wrap\" data-name=\"your-dir\"><input size=\"40\" maxlength=\"400\" class=\"wpcf7-form-control wpcf7-text wpcf7-validates-as-required\" aria-required=\"true\" aria-invalid=\"false\" value=\"\" type=\"text\" name=\"your-dir\" \/><\/span> <\/label>\n<\/p>\n<p><label> Poblaci\u00f3n<br \/>\n<span class=\"wpcf7-form-control-wrap\" data-name=\"your-pobla\"><input size=\"40\" maxlength=\"400\" class=\"wpcf7-form-control wpcf7-text wpcf7-validates-as-required\" aria-required=\"true\" aria-invalid=\"false\" value=\"\" type=\"text\" name=\"your-pobla\" \/><\/span> <\/label>\n<\/p>\n<p><label> C\u00f3digo Postal<br \/>\n<span class=\"wpcf7-form-control-wrap\" data-name=\"your-zip\"><input size=\"40\" maxlength=\"400\" class=\"wpcf7-form-control wpcf7-text wpcf7-validates-as-required\" aria-required=\"true\" aria-invalid=\"false\" value=\"\" type=\"text\" name=\"your-zip\" \/><\/span> <\/label>\n<\/p>\n<p><label> Correo electr\u00f3nico de la persona que va a asistir<br \/>\n<span class=\"wpcf7-form-control-wrap\" data-name=\"your-email\"><input size=\"40\" maxlength=\"400\" class=\"wpcf7-form-control wpcf7-email wpcf7-validates-as-required wpcf7-text wpcf7-validates-as-email\" aria-required=\"true\" aria-invalid=\"false\" value=\"\" type=\"email\" name=\"your-email\" \/><\/span> <\/label>\n<\/p>\n<p><label> Tel\u00e9fono<br \/>\n<span class=\"wpcf7-form-control-wrap\" data-name=\"your-tlf\"><input size=\"40\" maxlength=\"400\" class=\"wpcf7-form-control wpcf7-text wpcf7-validates-as-required\" aria-required=\"true\" aria-invalid=\"false\" value=\"\" type=\"text\" name=\"your-tlf\" \/><\/span> <\/label>\n<\/p>\n<p><label> Forma de facturaci\u00f3n preferida \u00bfelectr\u00f3nica o convencional?<br \/>\n<span class=\"wpcf7-form-control-wrap\" data-name=\"your-fact\"><input size=\"40\" maxlength=\"400\" class=\"wpcf7-form-control wpcf7-text wpcf7-validates-as-required\" aria-required=\"true\" aria-invalid=\"false\" value=\"\" type=\"text\" name=\"your-fact\" \/><\/span> <\/label>\n<\/p>\n<p><label> Persona de contacto<br \/>\n<span class=\"wpcf7-form-control-wrap\" data-name=\"your-contact\"><input size=\"40\" maxlength=\"400\" class=\"wpcf7-form-control wpcf7-text wpcf7-validates-as-required\" aria-required=\"true\" aria-invalid=\"false\" value=\"\" type=\"text\" name=\"your-contact\" \/><\/span> <\/label>\n<\/p>\n<p><label> Comentarios (opcional)<br \/>\n<span class=\"wpcf7-form-control-wrap\" data-name=\"your-message\"><textarea cols=\"40\" rows=\"10\" maxlength=\"2000\" class=\"wpcf7-form-control wpcf7-textarea\" aria-invalid=\"false\" name=\"your-message\"><\/textarea><\/span> <\/label>\n<\/p>\n<p><input class=\"wpcf7-form-control wpcf7-submit has-spinner\" type=\"submit\" value=\"Enviar\" \/>\n<\/p><div class=\"wpcf7-response-output\" aria-hidden=\"true\"><\/div>\n<\/form>\n<\/div>\n<\/span>[\/vc_column_text][\/vc_column][\/vc_row]<\/p>\n","protected":false},"excerpt":{"rendered":"<p>[vc_row][vc_column width=\u00bb1\/2&#8243;][\/vc_column][vc_column width=\u00bb1\/2&#8243;][vc_column_text css=\u00bb.vc_custom_1613073135738{margin-top: 0px !important;margin-bottom: 0px !important;background-color: #0066b1 !important;}\u00bb][\/vc_column_text][\/vc_column][\/vc_row][vc_row][vc_column width=\u00bb1\/2&#8243;][vc_single_image image=\u00bb517&#8243; img_size=\u00bbfull\u00bb style=\u00bbvc_box_border_circle\u00bb][\/vc_column][vc_column width=\u00bb1\/2&#8243;][vc_column_text]&#8211; Ud. puede inscribirse rellenando el formulario de esta p\u00e1gina, mediante correo electr\u00f3nico a la direcci\u00f3n inscri@renher.es o por tel\u00e9fono llamando al 669 521 789. UNA VEZ HECHA LA INSCRIPCI\u00d3N Le confirmamos su reserva de plaza por medio de correo electr\u00f3nico.&hellip; <br \/> <a class=\"read-more\" href=\"https:\/\/odricerin.es\/?page_id=513\">Leer m\u00e1s<\/a><\/p>\n","protected":false},"author":1,"featured_media":0,"parent":0,"menu_order":0,"comment_status":"closed","ping_status":"closed","template":"","meta":{"footnotes":""},"class_list":["post-513","page","type-page","status-publish","hentry"],"_links":{"self":[{"href":"https:\/\/odricerin.es\/index.php?rest_route=\/wp\/v2\/pages\/513","targetHints":{"allow":["GET"]}}],"collection":[{"href":"https:\/\/odricerin.es\/index.php?rest_route=\/wp\/v2\/pages"}],"about":[{"href":"https:\/\/odricerin.es\/index.php?rest_route=\/wp\/v2\/types\/page"}],"author":[{"embeddable":true,"href":"https:\/\/odricerin.es\/index.php?rest_route=\/wp\/v2\/users\/1"}],"replies":[{"embeddable":true,"href":"https:\/\/odricerin.es\/index.php?rest_route=%2Fwp%2Fv2%2Fcomments&post=513"}],"version-history":[{"count":5,"href":"https:\/\/odricerin.es\/index.php?rest_route=\/wp\/v2\/pages\/513\/revisions"}],"predecessor-version":[{"id":2561,"href":"https:\/\/odricerin.es\/index.php?rest_route=\/wp\/v2\/pages\/513\/revisions\/2561"}],"wp:attachment":[{"href":"https:\/\/odricerin.es\/index.php?rest_route=%2Fwp%2Fv2%2Fmedia&parent=513"}],"curies":[{"name":"wp","href":"https:\/\/api.w.org\/{rel}","templated":true}]}}