{"id":844,"date":"2021-02-14T18:54:07","date_gmt":"2021-02-14T18:54:07","guid":{"rendered":"http:\/\/odricerin.es\/?page_id=844"},"modified":"2021-02-20T16:10:56","modified_gmt":"2021-02-20T16:10:56","slug":"privacidad","status":"publish","type":"page","link":"https:\/\/odricerin.es\/?page_id=844","title":{"rendered":"<p><font face=\"Arial\" size=\"5\" color=\"#FFFFFF\">Privacidad<\/font><\/p>"},"content":{"rendered":"<p>[vc_row][vc_column width=\u00bb1\/2&#8243;][\/vc_column][vc_column width=\u00bb1\/2&#8243;][vc_column_text css=\u00bb.vc_custom_1613341371618{background-color: #0066b1 !important;}\u00bb]<a href=\"http:\/\/odricerin.es\/?page_id=46\"><img loading=\"lazy\" decoding=\"async\" src=\"http:\/\/odricerin.es\/wp-content\/uploads\/2021\/02\/rere-1.png\" width=\"251\" height=\"30\" align=\"right\" border=\"0\" \/><\/a>[\/vc_column_text][\/vc_column][\/vc_row][vc_row][vc_column width=\u00bb1\/2&#8243;][vc_single_image image=\u00bb852&#8243; img_size=\u00bbfull\u00bb style=\u00bbvc_box_border_circle\u00bb][\/vc_column][vc_column width=\u00bb1\/2&#8243;][vc_column_text]<\/p>\n<h2 class=\"elementor-heading-title elementor-size-default\" style=\"box-sizing: border-box; margin: 0px; padding: 0px; outline: 0px; font-weight: 400; font-family: 'Open Sans', Helvetica, Arial, sans-serif; color: #3c424f; text-rendering: optimizelegibility; font-size: 2.5rem; line-height: 3rem; overflow-wrap: break-word; font-style: normal; font-variant-ligatures: normal; font-variant-caps: normal; letter-spacing: normal; orphans: 2; text-indent: 0px; text-transform: none; white-space: normal; widows: 2; word-spacing: 0px; -webkit-text-stroke-width: 0px; background-color: #ffffff; text-decoration-thickness: initial; text-decoration-style: initial; text-decoration-color: initial; text-align: center;\"><span style=\"font-family: Arial; color: #336699;\">Privacidad<\/span><\/h2>\n<p>[\/vc_column_text][vc_column_text]<\/p>\n<p style=\"text-align: justify;\">Grupo RENHER, le informa sobre su Pol\u00edtica de Privacidad respecto del tratamiento y protecci\u00f3n de los datos de car\u00e1cter personal de los usuarios y clientes que puedan ser recabados por la navegaci\u00f3n o contrataci\u00f3n de servicios a trav\u00e9s del sitio Web Odricerin.es y Renher.es.<br \/>\nEn este sentido, el Titular garantiza el cumplimiento de la normativa vigente en materia de protecci\u00f3n de datos personales, reflejada en la Ley Org\u00e1nica 3\/2018, de 5 de diciembre, de Protecci\u00f3n de Datos Personales y de Garant\u00eda de Derechos Digitales (LOPD GDD). Cumple tambi\u00e9n con el Reglamento (UE) 2016\/679 del Parlamento Europeo y del Consejo de 27 de abril de 2016 relativo a la protecci\u00f3n de las personas f\u00edsicas (RGPD). El uso de sitio Web implica la aceptaci\u00f3n de esta Pol\u00edtica de Privacidad as\u00ed como las condiciones incluidas en el Aviso Legal.<\/p>\n<p>[\/vc_column_text][\/vc_column][\/vc_row][vc_row][vc_column][vc_column_text]<\/p>\n<p style=\"text-align: justify;\">Identidad del responsable<br \/>\nTitular: GRUPO RENHER<br \/>\nCorreo electr\u00f3nico: info@odricerin.es<br \/>\nSitio Web: Odricerin.es<\/p>\n<p style=\"text-align: justify;\">Principios aplicados en el tratamiento de datos<br \/>\nEn el tratamiento de sus datos personales, el Titular aplicar\u00e1 los siguientes principios que se ajustan a las exigencias del nuevo reglamento europeo de protecci\u00f3n de datos:<\/p>\n<p style=\"text-align: justify;\">Principio de licitud, lealtad y transparencia: El Titular siempre requerir\u00e1 el consentimiento para el tratamiento de sus datos personales que puede ser para uno o varios fines espec\u00edficos sobre los que le informar\u00e1 previamente con absoluta transparencia.<\/p>\n<p style=\"text-align: justify;\">Principio de minimizaci\u00f3n de datos: El Titular le solicitar\u00e1 solo los datos estrictamente necesarios para el fin o los fines que los solicita.<\/p>\n<p style=\"text-align: justify;\">Principio de limitaci\u00f3n del plazo de conservaci\u00f3n:\u00a0Los datos se mantendr\u00e1n durante el tiempo estrictamente necesario para el fin o los fines del tratamiento.<\/p>\n<p style=\"text-align: justify;\">El Titular le informar\u00e1 del plazo de conservaci\u00f3n correspondiente seg\u00fan la finalidad. En el caso de suscripciones, el Titular revisar\u00e1 peri\u00f3dicamente las listas y eliminar\u00e1 aquellos registros inactivos durante un tiempo considerable.<\/p>\n<p style=\"text-align: justify;\">Principio de integridad y confidencialidad: Sus datos ser\u00e1n tratados de tal manera que su seguridad, confidencialidad e integridad est\u00e9 garantizada. Debe saber que el Titular toma las precauciones necesarias para evitar el acceso no autorizado o uso indebido de los datos de sus usuarios por parte de terceros.<\/p>\n<p style=\"text-align: justify;\">Obtenci\u00f3n de datos personales<br \/>\nPara navegar por odricerin.es no es necesario que facilite ning\u00fan dato personal. Los casos en los que s\u00ed proporciona dus datos personales son los siguientes:<br \/>\nAl contactar a trav\u00e9s de los formularios de contacto o enviar un correo electr\u00f3nico.<\/p>\n<p style=\"text-align: justify;\">Sus derechos<br \/>\nEl Titular le informa que sobre sus datos personales tiene derecho a:<br \/>\nSolicitar el acceso a los datos almacenados.<br \/>\nSolicitar una rectificaci\u00f3n o la cancelaci\u00f3n.<br \/>\nSolicitar la limitaci\u00f3n de su tratamiento.<br \/>\nOponerse al tratamiento.<br \/>\nSolicitar la portabilidad de sus datos.<\/p>\n<p style=\"text-align: justify;\">El ejercicio de estos derechos es personal y por tanto debe ser ejercido directamente por el interesado, solicit\u00e1ndolo directamente al Titular, lo que significa que cualquier cliente, suscriptor o colaborador que haya facilitado sus datos en alg\u00fan momento puede dirigirse al Titular y pedir informaci\u00f3n sobre los datos que tiene almacenados y c\u00f3mo los ha obtenido, solicitar la rectificaci\u00f3n de los mismos, solicitar la portabilidad de sus datos personales, oponerse al tratamiento, limitar su uso o solicitar la cancelaci\u00f3n de esos datos en los ficheros del Titular.<\/p>\n<p style=\"text-align: justify;\">Para ejercitar sus derechos de acceso, rectificaci\u00f3n, cancelaci\u00f3n, portabilidad y oposici\u00f3n tiene que enviar un correo electr\u00f3nico a info@odricerin.es junto con la prueba v\u00e1lida en derecho como una fotocopia del D.N.I. o equivalente.<\/p>\n<p style=\"text-align: justify;\">Tiene derecho a la tutela judicial efectiva y a presentar una reclamaci\u00f3n ante la autoridad de control, en este caso, la Agencia Espa\u00f1ola de Protecci\u00f3n de Datos, si considera que el tratamiento de datos personales que le conciernen infringe el Reglamento.<\/p>\n<p style=\"text-align: justify;\">Finalidad del tratamiento de datos personales<br \/>\nCuando se conecta al sitio Web para mandar un correo al Titular, se suscribe a su bolet\u00edn o realiza una contrataci\u00f3n, est\u00e1 facilitando informaci\u00f3n de car\u00e1cter personal de la que el responsable es el Titular. Esta informaci\u00f3n puede incluir datos de car\u00e1cter personal como pueden ser su direcci\u00f3n IP, nombre y apellidos, direcci\u00f3n f\u00edsica, direcci\u00f3n de correo electr\u00f3nico, n\u00famero de tel\u00e9fono, y otra informaci\u00f3n. Al facilitar esta informaci\u00f3n, da su consentimiento para que su informaci\u00f3n sea recopilada, utilizada, gestionada y almacenada por superadmin.es , s\u00f3lo como se describe en el Aviso Legal y en la presente Pol\u00edtica de Privacidad.<\/p>\n<p style=\"text-align: justify;\">Los datos personales y la finalidad del tratamiento por parte del Titular es diferente seg\u00fan el sistema de captura de informaci\u00f3n:<br \/>\nFormularios de contacto: El Titular solicita datos personales entre los que pueden estar: Nombre y apellidos, direcci\u00f3n de correo electr\u00f3nico, n\u00famero de tel\u00e9fono y direcci\u00f3n de tu sitio Web con la finalidad de responder a sus consultas.<\/p>\n<p style=\"text-align: justify;\">Por ejemplo, el Titular utiliza esos datos para dar respuesta a sus mensajes, dudas, quejas, comentarios o inquietudes que pueda tener relativas a la informaci\u00f3n incluida en el sitio Web, los servicios que se prestan a trav\u00e9s del sitio Web, el tratamiento de sus datos personales, cuestiones referentes a los textos legales incluidos en el sitio Web, as\u00ed como cualquier otra consulta que pueda tener y que no est\u00e9 sujeta a las condiciones del sitio Web o de la contrataci\u00f3n.<\/p>\n<p style=\"text-align: justify;\">Existen otras finalidades por las que el Titular trata sus datos personales:<br \/>\nPara garantizar el cumplimiento de las condiciones recogidas en el Aviso Legal y en la ley aplicable. Esto puede incluir el desarrollo de herramientas y algoritmos que ayuden a este sitio Web a garantizar la confidencialidad de los datos personales que recoge.<\/p>\n<p style=\"text-align: justify;\">Para apoyar y mejorar los servicios que ofrece este sitio Web.<\/p>\n<p style=\"text-align: justify;\">Para analizar la navegaci\u00f3n. El Titular recoge otros datos no identificativos que se obtienen mediante el uso de cookies que se descargan en su ordenador cuando navega por el sitio Web cuyas caracter\u00edsticas y finalidad est\u00e1n detalladas en la Pol\u00edtica de Cookies .<\/p>\n<p style=\"text-align: justify;\">Para gestionar las redes sociales. El Titular tiene presencia en redes sociales. Si se hace seguidor en las redes sociales del Titular el tratamiento de los datos personales se regir\u00e1 por este apartado, as\u00ed como por aquellas condiciones de uso, pol\u00edticas de privacidad y normativas de acceso que pertenezcan a la red social que proceda en cada caso y que ha aceptado previamente.<\/p>\n<p style=\"text-align: justify;\">Puede consultar las pol\u00edticas de privacidad de las principales redes sociales en estos enlaces:<br \/>\nEl Titular tratar\u00e1 sus datos personales con la finalidad de administrar correctamente su presencia en la red social, informarle de sus actividades, productos o servicios, as\u00ed como para cualquier otra finalidad que las normativas de las redes sociales permitan.<\/p>\n<p style=\"text-align: justify;\">En ning\u00fan caso el Titular utilizar\u00e1 los perfiles de seguidores en redes sociales para enviar publicidad de manera individual.<\/p>\n<p style=\"text-align: justify;\">Seguridad de los datos personales<br \/>\nPara proteger sus datos personales, el Titular toma todas las precauciones razonables y sigue las mejores pr\u00e1cticas de la industria para evitar su p\u00e9rdida, mal uso, acceso indebido, divulgaci\u00f3n, alteraci\u00f3n o destrucci\u00f3n de los mismos.<\/p>\n<p style=\"text-align: justify;\">Contenido de otros sitios web<br \/>\nLas p\u00e1ginas de este sitio Web pueden incluir contenido incrustado (por ejemplo, v\u00eddeos, im\u00e1genes, art\u00edculos, etc.). El contenido incrustado de otras web se comporta exactamente de la misma manera que si hubiera visitado la otra web.<\/p>\n<p style=\"text-align: justify;\">Estos sitios Web pueden recopilar datos sobre Ud., utilizar cookies, incrustar un c\u00f3digo de seguimiento adicional de terceros, y supervisar su interacci\u00f3n usando este c\u00f3digo.<\/p>\n<p>[\/vc_column_text][\/vc_column][\/vc_row]<\/p>\n","protected":false},"excerpt":{"rendered":"<p>[vc_row][vc_column width=\u00bb1\/2&#8243;][\/vc_column][vc_column width=\u00bb1\/2&#8243;][vc_column_text css=\u00bb.vc_custom_1613341371618{background-color: #0066b1 !important;}\u00bb][\/vc_column_text][\/vc_column][\/vc_row][vc_row][vc_column width=\u00bb1\/2&#8243;][vc_single_image image=\u00bb852&#8243; img_size=\u00bbfull\u00bb style=\u00bbvc_box_border_circle\u00bb][\/vc_column][vc_column width=\u00bb1\/2&#8243;][vc_column_text] Privacidad [\/vc_column_text][vc_column_text] Grupo RENHER, le informa sobre su Pol\u00edtica de Privacidad respecto del tratamiento y protecci\u00f3n de los datos de car\u00e1cter personal de los usuarios y clientes que puedan ser recabados por la navegaci\u00f3n o contrataci\u00f3n de servicios a trav\u00e9s del sitio Web Odricerin.es&hellip; <br \/> <a class=\"read-more\" href=\"https:\/\/odricerin.es\/?page_id=844\">Leer m\u00e1s<\/a><\/p>\n","protected":false},"author":1,"featured_media":0,"parent":0,"menu_order":0,"comment_status":"closed","ping_status":"closed","template":"","meta":{"footnotes":""},"class_list":["post-844","page","type-page","status-publish","hentry"],"_links":{"self":[{"href":"https:\/\/odricerin.es\/index.php?rest_route=\/wp\/v2\/pages\/844","targetHints":{"allow":["GET"]}}],"collection":[{"href":"https:\/\/odricerin.es\/index.php?rest_route=\/wp\/v2\/pages"}],"about":[{"href":"https:\/\/odricerin.es\/index.php?rest_route=\/wp\/v2\/types\/page"}],"author":[{"embeddable":true,"href":"https:\/\/odricerin.es\/index.php?rest_route=\/wp\/v2\/users\/1"}],"replies":[{"embeddable":true,"href":"https:\/\/odricerin.es\/index.php?rest_route=%2Fwp%2Fv2%2Fcomments&post=844"}],"version-history":[{"count":5,"href":"https:\/\/odricerin.es\/index.php?rest_route=\/wp\/v2\/pages\/844\/revisions"}],"predecessor-version":[{"id":883,"href":"https:\/\/odricerin.es\/index.php?rest_route=\/wp\/v2\/pages\/844\/revisions\/883"}],"wp:attachment":[{"href":"https:\/\/odricerin.es\/index.php?rest_route=%2Fwp%2Fv2%2Fmedia&parent=844"}],"curies":[{"name":"wp","href":"https:\/\/api.w.org\/{rel}","templated":true}]}}